{"id":499181,"date":"2024-01-07T10:41:26","date_gmt":"2024-01-07T14:41:26","guid":{"rendered":"https:\/\/diariodominicano.com\/?page_id=499181"},"modified":"2024-01-07T12:13:01","modified_gmt":"2024-01-07T16:13:01","slug":"dd","status":"publish","type":"page","link":"https:\/\/diariodominicano.com\/","title":{"rendered":""},"content":{"rendered":"<ul class=\"wp-block-latest-posts__list is-grid columns-2 has-dates alignfull wp-block-latest-posts\"><li><div class=\"wp-block-latest-posts__featured-image alignleft\"><img loading=\"lazy\" decoding=\"async\" width=\"616\" height=\"347\" src=\"https:\/\/diariodominicano.com\/wp-content\/uploads\/2026\/05\/hantavirus-crucero-brote-enfermedad-trasladados-a-Paises-Bajos6-5-26.jpg\" class=\"attachment-large size-large wp-post-image\" alt=\"\" style=\"\" srcset=\"https:\/\/diariodominicano.com\/wp-content\/uploads\/2026\/05\/hantavirus-crucero-brote-enfermedad-trasladados-a-Paises-Bajos6-5-26.jpg 670w, https:\/\/diariodominicano.com\/wp-content\/uploads\/2026\/05\/hantavirus-crucero-brote-enfermedad-trasladados-a-Paises-Bajos6-5-26-300x169.jpg 300w\" sizes=\"auto, (max-width: 616px) 100vw, 616px\" \/><\/div><a class=\"wp-block-latest-posts__post-title\" href=\"https:\/\/diariodominicano.com\/?p=676994\">Tres pacientes con sospecha de hantavirus son evacuados de crucero, dice OMS<\/a><time datetime=\"2026-05-06T08:38:09-04:00\" class=\"wp-block-latest-posts__post-date\">6 de mayo de 2026<\/time><div class=\"wp-block-latest-posts__post-excerpt\">diariodominicano.com GINEBRA, 6 may (Xinhua) &#8212; Tres pacientes con sospecha de hantavirus fueron evacuados del crucero afectados por un brote de la enfermedad y est\u00e1n siendo trasladados a Pa\u00edses Bajos para recibir tratamiento m\u00e9dico, inform\u00f3 hoy mi\u00e9rcoles el director general de la&#8230; <a class=\"wp-block-latest-posts__read-more\" href=\"https:\/\/diariodominicano.com\/?p=676994\" rel=\"noopener noreferrer\">Lee m\u00e1s<span class=\"screen-reader-text\">: Tres pacientes con sospecha de hantavirus son evacuados de crucero, dice OMS<\/span><\/a><\/div><\/li>\n<li><div class=\"wp-block-latest-posts__featured-image alignleft\"><img loading=\"lazy\" decoding=\"async\" width=\"616\" height=\"347\" src=\"https:\/\/diariodominicano.com\/wp-content\/uploads\/2026\/05\/Papa-y-Trump-1.jpg\" class=\"attachment-large size-large wp-post-image\" alt=\"\" style=\"\" srcset=\"https:\/\/diariodominicano.com\/wp-content\/uploads\/2026\/05\/Papa-y-Trump-1.jpg 1024w, https:\/\/diariodominicano.com\/wp-content\/uploads\/2026\/05\/Papa-y-Trump-1-300x169.jpg 300w, https:\/\/diariodominicano.com\/wp-content\/uploads\/2026\/05\/Papa-y-Trump-1-768x432.jpg 768w, https:\/\/diariodominicano.com\/wp-content\/uploads\/2026\/05\/Papa-y-Trump-1-816x459.jpg 816w\" sizes=\"auto, (max-width: 616px) 100vw, 616px\" \/><\/div><a class=\"wp-block-latest-posts__post-title\" href=\"https:\/\/diariodominicano.com\/?p=676991\">Papa Le\u00f3n XIV respondi\u00f3 a nuevas injurias de Trump en su contra<\/a><time datetime=\"2026-05-06T03:18:23-04:00\" class=\"wp-block-latest-posts__post-date\">6 de mayo de 2026<\/time><div class=\"wp-block-latest-posts__post-excerpt\">Ciudad del Vaticano, 5 may (Prensa Latina) El papa Le\u00f3n XIV respondi\u00f3 en la noche de hoy a nuevas calumnias en su contra del presidente norteamericano, Donald Trump, y demand\u00f3 que prime la verdad. En respuesta a preguntas de periodistas, a la&#8230; <a class=\"wp-block-latest-posts__read-more\" href=\"https:\/\/diariodominicano.com\/?p=676991\" rel=\"noopener noreferrer\">Lee m\u00e1s<span class=\"screen-reader-text\">: Papa Le\u00f3n XIV respondi\u00f3 a nuevas injurias de Trump en su contra<\/span><\/a><\/div><\/li>\n<li><div class=\"wp-block-latest-posts__featured-image alignleft\"><img loading=\"lazy\" decoding=\"async\" width=\"616\" height=\"492\" src=\"https:\/\/diariodominicano.com\/wp-content\/uploads\/2026\/05\/Cuba-leyes-inmigracion-1.jpg\" class=\"attachment-large size-large wp-post-image\" alt=\"\" style=\"\" srcset=\"https:\/\/diariodominicano.com\/wp-content\/uploads\/2026\/05\/Cuba-leyes-inmigracion-1.jpg 962w, https:\/\/diariodominicano.com\/wp-content\/uploads\/2026\/05\/Cuba-leyes-inmigracion-1-300x240.jpg 300w, https:\/\/diariodominicano.com\/wp-content\/uploads\/2026\/05\/Cuba-leyes-inmigracion-1-768x613.jpg 768w, https:\/\/diariodominicano.com\/wp-content\/uploads\/2026\/05\/Cuba-leyes-inmigracion-1-816x651.jpg 816w\" sizes=\"auto, (max-width: 616px) 100vw, 616px\" \/><\/div><a class=\"wp-block-latest-posts__post-title\" href=\"https:\/\/diariodominicano.com\/?p=676988\">Presenta Cuba nuevas leyes migratorias<\/a><time datetime=\"2026-05-06T03:14:51-04:00\" class=\"wp-block-latest-posts__post-date\">6 de mayo de 2026<\/time><div class=\"wp-block-latest-posts__post-excerpt\">La Habana 5 de may (Prensa Latina) Nuevas leyes de Migraci\u00f3n, Extranjer\u00eda y Ciudadan\u00eda, junto a sus normas, fueron presentadas hoy, en esta capital, tras su publicaci\u00f3n en la Gaceta Oficial. Foto: Endrys Correa El jefe del Departamento de Identificaci\u00f3n, Inmigraci\u00f3n y&#8230; <a class=\"wp-block-latest-posts__read-more\" href=\"https:\/\/diariodominicano.com\/?p=676988\" rel=\"noopener noreferrer\">Lee m\u00e1s<span class=\"screen-reader-text\">: Presenta Cuba nuevas leyes migratorias<\/span><\/a><\/div><\/li>\n<li><div class=\"wp-block-latest-posts__featured-image alignleft\"><img loading=\"lazy\" decoding=\"async\" width=\"616\" height=\"347\" src=\"https:\/\/diariodominicano.com\/wp-content\/uploads\/2026\/05\/Abinader-000-1024x576.png\" class=\"attachment-large size-large wp-post-image\" alt=\"\" style=\"\" srcset=\"https:\/\/diariodominicano.com\/wp-content\/uploads\/2026\/05\/Abinader-000-1024x576.png 1024w, https:\/\/diariodominicano.com\/wp-content\/uploads\/2026\/05\/Abinader-000-300x169.png 300w, https:\/\/diariodominicano.com\/wp-content\/uploads\/2026\/05\/Abinader-000-768x432.png 768w, https:\/\/diariodominicano.com\/wp-content\/uploads\/2026\/05\/Abinader-000-816x459.png 816w, https:\/\/diariodominicano.com\/wp-content\/uploads\/2026\/05\/Abinader-000.png 1300w\" sizes=\"auto, (max-width: 616px) 100vw, 616px\" \/><\/div><a class=\"wp-block-latest-posts__post-title\" href=\"https:\/\/diariodominicano.com\/?p=676985\">El Presidente Abinader en Infobae: \u201cLa inversi\u00f3n en RD es segura. Somos un oasis en la regi\u00f3n\u201d<\/a><time datetime=\"2026-05-06T03:12:07-04:00\" class=\"wp-block-latest-posts__post-date\">6 de mayo de 2026<\/time><div class=\"wp-block-latest-posts__post-excerpt\">5 de Mayo 2026 | Santo Domingo.-&nbsp;El presidente Luis Abinader&nbsp;proyect\u00f3 ante la&nbsp;audiencia internacional de Infobae&nbsp;una idea central: en una regi\u00f3n marcada por crisis pol\u00edticas, inseguridad, inflaci\u00f3n, narcotr\u00e1fico e incertidumbre institucional, la&nbsp;Rep\u00fablica Dominicana&nbsp;se est\u00e1 posicionando como&nbsp;una excepci\u00f3n. Durante una entrevista con&nbsp;Eduardo Feinmann&nbsp;para el&#8230; <a class=\"wp-block-latest-posts__read-more\" href=\"https:\/\/diariodominicano.com\/?p=676985\" rel=\"noopener noreferrer\">Lee m\u00e1s<span class=\"screen-reader-text\">: El Presidente Abinader en Infobae: \u201cLa inversi\u00f3n en RD es segura. Somos un oasis en la regi\u00f3n\u201d<\/span><\/a><\/div><\/li>\n<li><div class=\"wp-block-latest-posts__featured-image alignleft\"><img loading=\"lazy\" decoding=\"async\" width=\"616\" height=\"347\" src=\"https:\/\/diariodominicano.com\/wp-content\/uploads\/2026\/05\/Paliza-000-1024x576.jpg\" class=\"attachment-large size-large wp-post-image\" alt=\"\" style=\"\" srcset=\"https:\/\/diariodominicano.com\/wp-content\/uploads\/2026\/05\/Paliza-000-1024x576.jpg 1024w, https:\/\/diariodominicano.com\/wp-content\/uploads\/2026\/05\/Paliza-000-300x169.jpg 300w, https:\/\/diariodominicano.com\/wp-content\/uploads\/2026\/05\/Paliza-000-768x432.jpg 768w, https:\/\/diariodominicano.com\/wp-content\/uploads\/2026\/05\/Paliza-000-816x459.jpg 816w, https:\/\/diariodominicano.com\/wp-content\/uploads\/2026\/05\/Paliza-000.jpg 1300w\" sizes=\"auto, (max-width: 616px) 100vw, 616px\" \/><\/div><a class=\"wp-block-latest-posts__post-title\" href=\"https:\/\/diariodominicano.com\/?p=676982\">Gobierno informa invierte RD 409.5 millones para transformar margen oriental del r\u00edo Ozama en Las Lilas<\/a><time datetime=\"2026-05-06T03:06:34-04:00\" class=\"wp-block-latest-posts__post-date\">6 de mayo de 2026<\/time><div class=\"wp-block-latest-posts__post-excerpt\">Ministro Paliza supervis\u00f3 el proyecto ejecutado por URBE, que impactar\u00e1 a m\u00e1s de 62,800 habitantes e incluye recuperaci\u00f3n ambiental, obras viales y reubicaci\u00f3n e indemnizaci\u00f3n de 365 familias. 5 de Mayo 2026 |: Santo Domingo Este.- El ministro de la Presidencia,\u00a0Jos\u00e9 Ignacio&#8230; <a class=\"wp-block-latest-posts__read-more\" href=\"https:\/\/diariodominicano.com\/?p=676982\" rel=\"noopener noreferrer\">Lee m\u00e1s<span class=\"screen-reader-text\">: Gobierno informa invierte RD 409.5 millones para transformar margen oriental del r\u00edo Ozama en Las Lilas<\/span><\/a><\/div><\/li>\n<li><a class=\"wp-block-latest-posts__post-title\" href=\"https:\/\/diariodominicano.com\/?p=676979\">Espa\u00f1a acoger\u00e1 en Canarias a embarcaci\u00f3n con brote de hantavirus y al m\u00e9dico en estado grave<\/a><time datetime=\"2026-05-06T02:58:52-04:00\" class=\"wp-block-latest-posts__post-date\">6 de mayo de 2026<\/time><div class=\"wp-block-latest-posts__post-excerpt\">spanish.news.cn|&nbsp;2026-05-06 06:46:30| MADRID, 5 may (Xinhua) &#8212; El Gobierno de Espa\u00f1a inform\u00f3 hoy martes que acoger\u00e1 en las Islas Canarias al buque MV Hondius, afectado por un brote de hantavirus, tras una solicitud coordinada por la Organizaci\u00f3n Mundial de la Salud (OMS)&#8230; <a class=\"wp-block-latest-posts__read-more\" href=\"https:\/\/diariodominicano.com\/?p=676979\" rel=\"noopener noreferrer\">Lee m\u00e1s<span class=\"screen-reader-text\">: Espa\u00f1a acoger\u00e1 en Canarias a embarcaci\u00f3n con brote de hantavirus y al m\u00e9dico en estado grave<\/span><\/a><\/div><\/li>\n<li><div class=\"wp-block-latest-posts__featured-image alignleft\"><img loading=\"lazy\" decoding=\"async\" width=\"563\" height=\"381\" src=\"https:\/\/diariodominicano.com\/wp-content\/uploads\/2026\/02\/Trump-aranceles-mexico-24.webp\" class=\"attachment-large size-large wp-post-image\" alt=\"\" style=\"\" srcset=\"https:\/\/diariodominicano.com\/wp-content\/uploads\/2026\/02\/Trump-aranceles-mexico-24.webp 563w, https:\/\/diariodominicano.com\/wp-content\/uploads\/2026\/02\/Trump-aranceles-mexico-24-300x203.webp 300w\" sizes=\"auto, (max-width: 563px) 100vw, 563px\" \/><\/div><a class=\"wp-block-latest-posts__post-title\" href=\"https:\/\/diariodominicano.com\/?p=676977\">Trump afirma que operaci\u00f3n militar de EE. UU. para guiar buques a salir del estrecho de Ormuz ser\u00e1 pausada<\/a><time datetime=\"2026-05-06T02:57:14-04:00\" class=\"wp-block-latest-posts__post-date\">6 de mayo de 2026<\/time><div class=\"wp-block-latest-posts__post-excerpt\">spanish.news.cn|&nbsp;2026-05-06 09:23:15| WASHINGTON, 5 may (Xinhua) &#8212; El presidente de Estados Unidos, Donald Trump, afirm\u00f3 el martes que el Proyecto Libertad, la operaci\u00f3n militar destinada a guiar buques para que salgan del estrecho de Ormuz, ser\u00e1 pausada para evaluar la posibilidad de&#8230; <a class=\"wp-block-latest-posts__read-more\" href=\"https:\/\/diariodominicano.com\/?p=676977\" rel=\"noopener noreferrer\">Lee m\u00e1s<span class=\"screen-reader-text\">: Trump afirma que operaci\u00f3n militar de EE. UU. para guiar buques a salir del estrecho de Ormuz ser\u00e1 pausada<\/span><\/a><\/div><\/li>\n<li><a class=\"wp-block-latest-posts__post-title\" href=\"https:\/\/diariodominicano.com\/?p=676975\">Cabo Verde evacuar\u00e1 a tres pacientes del crucero MV Hondius por v\u00eda a\u00e9rea<\/a><time datetime=\"2026-05-06T02:54:00-04:00\" class=\"wp-block-latest-posts__post-date\">6 de mayo de 2026<\/time><div class=\"wp-block-latest-posts__post-excerpt\">spanish.news.cn|&nbsp;2026-05-06 11:58:45| PRAIA, 6 may (Xinhua) &#8212; Cabo Verde evacuar\u00e1 en las pr\u00f3ximas horas a tres pacientes desde el crucero MV Hondius, que permanece anclado frente al puerto de Praia, tras un brote de hantavirus que ha dejado v\u00edctimas mortales a bordo,&#8230; <a class=\"wp-block-latest-posts__read-more\" href=\"https:\/\/diariodominicano.com\/?p=676975\" rel=\"noopener noreferrer\">Lee m\u00e1s<span class=\"screen-reader-text\">: Cabo Verde evacuar\u00e1 a tres pacientes del crucero MV Hondius por v\u00eda a\u00e9rea<\/span><\/a><\/div><\/li>\n<li><a class=\"wp-block-latest-posts__post-title\" href=\"https:\/\/diariodominicano.com\/?p=676973\">Se observan densas columnas de humo elev\u00e1ndose desde un edificio en construcci\u00f3n en Dub\u00e1i<\/a><time datetime=\"2026-05-06T02:52:08-04:00\" class=\"wp-block-latest-posts__post-date\">6 de mayo de 2026<\/time><div class=\"wp-block-latest-posts__post-excerpt\">spanish.news.cn|&nbsp;2026-05-06 13:32:00| DUB\u00c1I, 6 may (Xinhua) &#8212; Un incendio se desat\u00f3 hoy mi\u00e9rcoles por la ma\u00f1ana en un edificio en construcci\u00f3n en Dub\u00e1i, informaron medios de comunicaci\u00f3n de Emiratos \u00c1rabes Unidos. En las im\u00e1genes que circulaban en redes sociales, se puede ver&#8230; <a class=\"wp-block-latest-posts__read-more\" href=\"https:\/\/diariodominicano.com\/?p=676973\" rel=\"noopener noreferrer\">Lee m\u00e1s<span class=\"screen-reader-text\">: Se observan densas columnas de humo elev\u00e1ndose desde un edificio en construcci\u00f3n en Dub\u00e1i<\/span><\/a><\/div><\/li>\n<li><a class=\"wp-block-latest-posts__post-title\" href=\"https:\/\/diariodominicano.com\/?p=676971\">Arsenal finalista y Atl\u00e9tico Madrid hundido en Champions<\/a><time datetime=\"2026-05-06T02:46:44-04:00\" class=\"wp-block-latest-posts__post-date\">6 de mayo de 2026<\/time><div class=\"wp-block-latest-posts__post-excerpt\">Madrid, 6 may (Prensa Latina) Bast\u00f3 un gol al minuto 44 de Bukayo Saka para dar una sufrida victoria al Arsenal, primer finalista de la Champions League ante un Atl\u00e9tico de Madrid hundido y frustrado. Si bien los \u201cgunners\u201d fueron bastante superiores&#8230; <a class=\"wp-block-latest-posts__read-more\" href=\"https:\/\/diariodominicano.com\/?p=676971\" rel=\"noopener noreferrer\">Lee m\u00e1s<span class=\"screen-reader-text\">: Arsenal finalista y Atl\u00e9tico Madrid hundido en Champions<\/span><\/a><\/div><\/li>\n<\/ul>","protected":false},"excerpt":{"rendered":"","protected":false},"author":2,"featured_media":0,"parent":0,"menu_order":0,"comment_status":"closed","ping_status":"closed","template":"","meta":{"footnotes":""},"class_list":["post-499181","page","type-page","status-publish","hentry"],"_links":{"self":[{"href":"https:\/\/diariodominicano.com\/index.php?rest_route=\/wp\/v2\/pages\/499181","targetHints":{"allow":["GET"]}}],"collection":[{"href":"https:\/\/diariodominicano.com\/index.php?rest_route=\/wp\/v2\/pages"}],"about":[{"href":"https:\/\/diariodominicano.com\/index.php?rest_route=\/wp\/v2\/types\/page"}],"author":[{"embeddable":true,"href":"https:\/\/diariodominicano.com\/index.php?rest_route=\/wp\/v2\/users\/2"}],"replies":[{"embeddable":true,"href":"https:\/\/diariodominicano.com\/index.php?rest_route=%2Fwp%2Fv2%2Fcomments&post=499181"}],"version-history":[{"count":22,"href":"https:\/\/diariodominicano.com\/index.php?rest_route=\/wp\/v2\/pages\/499181\/revisions"}],"predecessor-version":[{"id":499223,"href":"https:\/\/diariodominicano.com\/index.php?rest_route=\/wp\/v2\/pages\/499181\/revisions\/499223"}],"wp:attachment":[{"href":"https:\/\/diariodominicano.com\/index.php?rest_route=%2Fwp%2Fv2%2Fmedia&parent=499181"}],"curies":[{"name":"wp","href":"https:\/\/api.w.org\/{rel}","templated":true}]}}