{"id":20,"date":"2020-07-18T17:24:40","date_gmt":"2020-07-18T17:24:40","guid":{"rendered":"http:\/\/10.0.0.82\/?page_id=20"},"modified":"2021-04-21T14:41:51","modified_gmt":"2021-04-21T18:41:51","slug":"contacto","status":"publish","type":"page","link":"https:\/\/diariodominicano.com\/?page_id=20","title":{"rendered":"Contacto"},"content":{"rendered":"\n<p>Avenida Independencia n\u00famero 409, edificio MSG apartamento B 1, Casi Esq. Jos\u00e9 Joaqu\u00edn Perez, Gazcue, Santo Domingo, Distrito Nacional, Rep\u00fablica Dominicana.<\/p>\n\n\n\n<p>Dd@diariodominicano.com y <\/p>\n\n\n\n<p>Diariord@gmail.com<\/p>\n","protected":false},"excerpt":{"rendered":"<p>Avenida Independencia n\u00famero 409, edificio MSG apartamento B 1, Casi Esq. Jos\u00e9 Joaqu\u00edn Perez, Gazcue, Santo Domingo, Distrito Nacional, Rep\u00fablica Dominicana. Dd@diariodominicano.com y Diariord@gmail.com<\/p>\n","protected":false},"author":1,"featured_media":0,"parent":0,"menu_order":0,"comment_status":"closed","ping_status":"closed","template":"","meta":{"footnotes":""},"class_list":["post-20","page","type-page","status-publish","hentry"],"_links":{"self":[{"href":"https:\/\/diariodominicano.com\/index.php?rest_route=\/wp\/v2\/pages\/20","targetHints":{"allow":["GET"]}}],"collection":[{"href":"https:\/\/diariodominicano.com\/index.php?rest_route=\/wp\/v2\/pages"}],"about":[{"href":"https:\/\/diariodominicano.com\/index.php?rest_route=\/wp\/v2\/types\/page"}],"author":[{"embeddable":true,"href":"https:\/\/diariodominicano.com\/index.php?rest_route=\/wp\/v2\/users\/1"}],"replies":[{"embeddable":true,"href":"https:\/\/diariodominicano.com\/index.php?rest_route=%2Fwp%2Fv2%2Fcomments&post=20"}],"version-history":[{"count":2,"href":"https:\/\/diariodominicano.com\/index.php?rest_route=\/wp\/v2\/pages\/20\/revisions"}],"predecessor-version":[{"id":272939,"href":"https:\/\/diariodominicano.com\/index.php?rest_route=\/wp\/v2\/pages\/20\/revisions\/272939"}],"wp:attachment":[{"href":"https:\/\/diariodominicano.com\/index.php?rest_route=%2Fwp%2Fv2%2Fmedia&parent=20"}],"curies":[{"name":"wp","href":"https:\/\/api.w.org\/{rel}","templated":true}]}}